{"id":3463,"date":"2015-07-27T03:29:01","date_gmt":"2015-07-27T03:29:01","guid":{"rendered":"https:\/\/dekorcu.com.tr\/hakkimizda\/"},"modified":"2021-04-21T18:29:39","modified_gmt":"2021-04-21T15:29:39","slug":"about-us","status":"publish","type":"page","link":"https:\/\/dekorcu.com.tr\/en\/about-us\/","title":{"rendered":"About Us"},"content":{"rendered":"<section class=\"wpb-content-wrapper\"><p>[vc_row fullwidth=&#8221;yes&#8221; css=&#8221;.vc_custom_1474447060420{background-position: 0 0 !important;background-repeat: no-repeat !important;}&#8221; el_class=&#8221;side-bg no-padding&#8221;][vc_column]\t<!-- Element: OT Quick Office -->\n\t<div class=\"side-bg\">\n\n\t\t<div class=\"image-container hidden-xs pull-left col-md-5\" style=\"background-image:url(https:\/\/dekorcu.com.tr\/wp-content\/uploads\/2021\/01\/dekorcuperde-001.jpg); ?>\" data-delay=\"0\"><\/div>\n\n\t\t<!-- Added this code in 26\/03\/2019 -->\n\t\t<img decoding=\"async\" class=\"visible-xs img-responsive\" src=\"https:\/\/dekorcu.com.tr\/wp-content\/uploads\/2021\/01\/dekorcuperde-001.jpg\" \/>\n\n        <div class=\"container\">\n            <div class=\"row\">\n                <div class=\"inner-padding\">\n                    <div class=\"col-md-6 col-md-offset-6 wow fadeInRight\" data-wow-delay=\".2s\">\n                        <h2>COMPANY PROFILE<\/h2><br\/>\n                        <strong class=\"intro\">We have been operating in Zeytinburnu Curtain Bazaar for 25 years, including our DekorCu Interior Architecture & Design, Curtains, Upholstery, Wallpaper, Parquet, Furniture, Wall-to-Wall Carpet, Tile Carpet, Classic Ceiling, Modern Ceiling, Wall Decorative Lath applications.<\/strong><\/p>\n<p>&nbsp;<\/p>\n<h3>Mission and Vision<\/h3>\n<p>As DekorCu, we are a decoration company that makes a difference in quality, innovative and the services we provide, aiming to carry the decoration sector to the highest levels and to provide application, production and after-sales support.                    <\/div>\n                    <div class=\"clearfix\"><\/div>\n                <\/div>\n            <\/div>\n        <\/div>\n\t<\/div>\n\n[\/vc_column][\/vc_row][vc_row fullwidth=&#8221;yes&#8221; css=&#8221;.vc_custom_1442204650520{padding-top: 60px !important;padding-bottom: 60px !important;}&#8221; el_class=&#8221;call-to-action bg-color text-center&#8221;][vc_column]\t\t\t\n\t<!-- Element: OT Button --> \n\t\t\t<a href=\"\/en\/contact\/\" target=\"_self\" class=\"btn btn-line-black btn-big  \">CONTACT US<\/a>\n\t    \n[\/vc_column][\/vc_row]<\/p>\n<\/section>","protected":false},"excerpt":{"rendered":"<p>[vc_row fullwidth=&#8221;yes&#8221; css=&#8221;.vc_custom_1474447060420{background-position: 0 0 !important;background-repeat: no-repeat !important;}&#8221; el_class=&#8221;side-bg no-padding&#8221;][vc_column][\/vc_column][\/vc_row][vc_row fullwidth=&#8221;yes&#8221; css=&#8221;.vc_custom_1442204650520{padding-top: 60px !important;padding-bottom: 60px !important;}&#8221; el_class=&#8221;call-to-action bg-color text-center&#8221;][vc_column][\/vc_column][\/vc_row]<\/p>\n","protected":false},"author":1,"featured_media":0,"parent":0,"menu_order":0,"comment_status":"open","ping_status":"closed","template":"page-templates\/template-fullwidth.php","meta":{"_joinchat":[],"footnotes":""},"class_list":["post-3463","page","type-page","status-publish","hentry"],"yoast_head":"<!-- This site is optimized with the Yoast SEO Premium plugin v19.6 (Yoast SEO v27.5) - https:\/\/yoast.com\/product\/yoast-seo-premium-wordpress\/ -->\n<title>About Us - Dekorcu Curtain - Decor - Design<\/title>\n<meta name=\"robots\" content=\"index, follow, max-snippet:-1, max-image-preview:large, max-video-preview:-1\" \/>\n<link rel=\"canonical\" href=\"https:\/\/dekorcu.com.tr\/en\/about-us\/\" \/>\n<meta property=\"og:locale\" content=\"en_US\" \/>\n<meta property=\"og:type\" content=\"article\" \/>\n<meta property=\"og:title\" content=\"About Us\" \/>\n<meta property=\"og:description\" content=\"[vc_row fullwidth=&#8221;yes&#8221; css=&#8221;.vc_custom_1474447060420{background-position: 0 0 !important;background-repeat: no-repeat !important;}&#8221; el_class=&#8221;side-bg no-padding&#8221;][vc_column][\/vc_column][\/vc_row][vc_row fullwidth=&#8221;yes&#8221; css=&#8221;.vc_custom_1442204650520{padding-top: 60px !important;padding-bottom: 60px !important;}&#8221; el_class=&#8221;call-to-action bg-color text-center&#8221;][vc_column][\/vc_column][\/vc_row]\" \/>\n<meta property=\"og:url\" content=\"https:\/\/dekorcu.com.tr\/en\/about-us\/\" \/>\n<meta property=\"og:site_name\" content=\"Dekorcu\" \/>\n<meta property=\"article:publisher\" content=\"https:\/\/www.facebook.com\/dekorcuperdeistanbul\" \/>\n<meta property=\"article:modified_time\" content=\"2021-04-21T15:29:39+00:00\" \/>\n<meta property=\"og:image\" content=\"https:\/\/dekorcu.com.tr\/wp-content\/uploads\/2021\/01\/dekorcu-logo-2-300x86-5.png\" \/>\n\t<meta property=\"og:image:width\" content=\"300\" \/>\n\t<meta property=\"og:image:height\" content=\"86\" \/>\n\t<meta property=\"og:image:type\" content=\"image\/png\" \/>\n<meta name=\"twitter:card\" content=\"summary_large_image\" \/>\n<meta name=\"twitter:label1\" content=\"Est. reading time\" \/>\n\t<meta name=\"twitter:data1\" content=\"1 minute\" \/>\n<script type=\"application\/ld+json\" class=\"yoast-schema-graph\">{\"@context\":\"https:\\\/\\\/schema.org\",\"@graph\":[{\"@type\":\"WebPage\",\"@id\":\"https:\\\/\\\/dekorcu.com.tr\\\/en\\\/about-us\\\/\",\"url\":\"https:\\\/\\\/dekorcu.com.tr\\\/en\\\/about-us\\\/\",\"name\":\"About Us - Dekorcu Curtain - Decor - Design\",\"isPartOf\":{\"@id\":\"https:\\\/\\\/dekorcu.com.tr\\\/en\\\/#website\"},\"datePublished\":\"2015-07-27T03:29:01+00:00\",\"dateModified\":\"2021-04-21T15:29:39+00:00\",\"breadcrumb\":{\"@id\":\"https:\\\/\\\/dekorcu.com.tr\\\/en\\\/about-us\\\/#breadcrumb\"},\"inLanguage\":\"en-US\",\"potentialAction\":[{\"@type\":\"ReadAction\",\"target\":[\"https:\\\/\\\/dekorcu.com.tr\\\/en\\\/about-us\\\/\"]}]},{\"@type\":\"BreadcrumbList\",\"@id\":\"https:\\\/\\\/dekorcu.com.tr\\\/en\\\/about-us\\\/#breadcrumb\",\"itemListElement\":[{\"@type\":\"ListItem\",\"position\":1,\"name\":\"Ana Sayfa\",\"item\":\"https:\\\/\\\/dekorcu.com.tr\\\/en\\\/\"},{\"@type\":\"ListItem\",\"position\":2,\"name\":\"About Us\"}]},{\"@type\":\"WebSite\",\"@id\":\"https:\\\/\\\/dekorcu.com.tr\\\/en\\\/#website\",\"url\":\"https:\\\/\\\/dekorcu.com.tr\\\/en\\\/\",\"name\":\"Dekorcu\",\"description\":\"Curtain - Decor - Design\",\"publisher\":{\"@id\":\"https:\\\/\\\/dekorcu.com.tr\\\/en\\\/#organization\"},\"potentialAction\":[{\"@type\":\"SearchAction\",\"target\":{\"@type\":\"EntryPoint\",\"urlTemplate\":\"https:\\\/\\\/dekorcu.com.tr\\\/en\\\/?s={search_term_string}\"},\"query-input\":{\"@type\":\"PropertyValueSpecification\",\"valueRequired\":true,\"valueName\":\"search_term_string\"}}],\"inLanguage\":\"en-US\"},{\"@type\":[\"Organization\",\"Place\",\"HomeGoodsStore\"],\"@id\":\"https:\\\/\\\/dekorcu.com.tr\\\/en\\\/#organization\",\"name\":\"DekorCu\",\"url\":\"https:\\\/\\\/dekorcu.com.tr\\\/en\\\/\",\"logo\":{\"@id\":\"https:\\\/\\\/dekorcu.com.tr\\\/en\\\/about-us\\\/#local-main-organization-logo\"},\"image\":{\"@id\":\"https:\\\/\\\/dekorcu.com.tr\\\/en\\\/about-us\\\/#local-main-organization-logo\"},\"sameAs\":[\"https:\\\/\\\/www.facebook.com\\\/dekorcuperdeistanbul\",\"https:\\\/\\\/www.instagram.com\\\/dekorcuperde\\\/\"],\"address\":{\"@id\":\"https:\\\/\\\/dekorcu.com.tr\\\/en\\\/about-us\\\/#local-main-place-address\"},\"telephone\":[\"+90 (212) 510 07 54\",\"+90 (532) 230 02 32\"],\"openingHoursSpecification\":[{\"@type\":\"OpeningHoursSpecification\",\"dayOfWeek\":[\"Monday\",\"Tuesday\",\"Wednesday\",\"Thursday\",\"Friday\",\"Saturday\",\"Sunday\"],\"opens\":\"09:00\",\"closes\":\"19:00\"}],\"email\":\"info@dekorcu.com.tr\"},{\"@type\":\"PostalAddress\",\"@id\":\"https:\\\/\\\/dekorcu.com.tr\\\/en\\\/about-us\\\/#local-main-place-address\",\"streetAddress\":\"S\u00fcmer Mah, Prof. Dr. Turan G\u00fcne\u015f Cd. No:10\\\/A\",\"addressLocality\":\"Zeytinburnu\",\"postalCode\":\"34025\",\"addressRegion\":\"\u0130stanbul\",\"addressCountry\":\"TR\"},{\"@type\":\"ImageObject\",\"inLanguage\":\"en-US\",\"@id\":\"https:\\\/\\\/dekorcu.com.tr\\\/en\\\/about-us\\\/#local-main-organization-logo\",\"url\":\"https:\\\/\\\/dekorcu.com.tr\\\/wp-content\\\/uploads\\\/2021\\\/01\\\/dekorcu-logo-2-300x86-5.png\",\"contentUrl\":\"https:\\\/\\\/dekorcu.com.tr\\\/wp-content\\\/uploads\\\/2021\\\/01\\\/dekorcu-logo-2-300x86-5.png\",\"width\":300,\"height\":86,\"caption\":\"DekorCu\"}]}<\/script>\n<meta name=\"geo.placename\" content=\"Zeytinburnu\" \/>\n<meta name=\"geo.region\" content=\"Turkey\" \/>\n<!-- \/ Yoast SEO Premium plugin. -->","yoast_head_json":{"title":"About Us - Dekorcu Curtain - Decor - Design","robots":{"index":"index","follow":"follow","max-snippet":"max-snippet:-1","max-image-preview":"max-image-preview:large","max-video-preview":"max-video-preview:-1"},"canonical":"https:\/\/dekorcu.com.tr\/en\/about-us\/","og_locale":"en_US","og_type":"article","og_title":"About Us","og_description":"[vc_row fullwidth=&#8221;yes&#8221; css=&#8221;.vc_custom_1474447060420{background-position: 0 0 !important;background-repeat: no-repeat !important;}&#8221; el_class=&#8221;side-bg no-padding&#8221;][vc_column][\/vc_column][\/vc_row][vc_row fullwidth=&#8221;yes&#8221; css=&#8221;.vc_custom_1442204650520{padding-top: 60px !important;padding-bottom: 60px !important;}&#8221; el_class=&#8221;call-to-action bg-color text-center&#8221;][vc_column][\/vc_column][\/vc_row]","og_url":"https:\/\/dekorcu.com.tr\/en\/about-us\/","og_site_name":"Dekorcu","article_publisher":"https:\/\/www.facebook.com\/dekorcuperdeistanbul","article_modified_time":"2021-04-21T15:29:39+00:00","og_image":[{"width":300,"height":86,"url":"https:\/\/dekorcu.com.tr\/wp-content\/uploads\/2021\/01\/dekorcu-logo-2-300x86-5.png","type":"image\/png"}],"twitter_card":"summary_large_image","twitter_misc":{"Est. reading time":"1 minute"},"schema":{"@context":"https:\/\/schema.org","@graph":[{"@type":"WebPage","@id":"https:\/\/dekorcu.com.tr\/en\/about-us\/","url":"https:\/\/dekorcu.com.tr\/en\/about-us\/","name":"About Us - Dekorcu Curtain - Decor - Design","isPartOf":{"@id":"https:\/\/dekorcu.com.tr\/en\/#website"},"datePublished":"2015-07-27T03:29:01+00:00","dateModified":"2021-04-21T15:29:39+00:00","breadcrumb":{"@id":"https:\/\/dekorcu.com.tr\/en\/about-us\/#breadcrumb"},"inLanguage":"en-US","potentialAction":[{"@type":"ReadAction","target":["https:\/\/dekorcu.com.tr\/en\/about-us\/"]}]},{"@type":"BreadcrumbList","@id":"https:\/\/dekorcu.com.tr\/en\/about-us\/#breadcrumb","itemListElement":[{"@type":"ListItem","position":1,"name":"Ana Sayfa","item":"https:\/\/dekorcu.com.tr\/en\/"},{"@type":"ListItem","position":2,"name":"About Us"}]},{"@type":"WebSite","@id":"https:\/\/dekorcu.com.tr\/en\/#website","url":"https:\/\/dekorcu.com.tr\/en\/","name":"Dekorcu","description":"Curtain - Decor - Design","publisher":{"@id":"https:\/\/dekorcu.com.tr\/en\/#organization"},"potentialAction":[{"@type":"SearchAction","target":{"@type":"EntryPoint","urlTemplate":"https:\/\/dekorcu.com.tr\/en\/?s={search_term_string}"},"query-input":{"@type":"PropertyValueSpecification","valueRequired":true,"valueName":"search_term_string"}}],"inLanguage":"en-US"},{"@type":["Organization","Place","HomeGoodsStore"],"@id":"https:\/\/dekorcu.com.tr\/en\/#organization","name":"DekorCu","url":"https:\/\/dekorcu.com.tr\/en\/","logo":{"@id":"https:\/\/dekorcu.com.tr\/en\/about-us\/#local-main-organization-logo"},"image":{"@id":"https:\/\/dekorcu.com.tr\/en\/about-us\/#local-main-organization-logo"},"sameAs":["https:\/\/www.facebook.com\/dekorcuperdeistanbul","https:\/\/www.instagram.com\/dekorcuperde\/"],"address":{"@id":"https:\/\/dekorcu.com.tr\/en\/about-us\/#local-main-place-address"},"telephone":["+90 (212) 510 07 54","+90 (532) 230 02 32","+90 (212) 510 07 54","+90 (532) 230 02 32"],"openingHoursSpecification":[{"@type":"OpeningHoursSpecification","dayOfWeek":["Monday","Tuesday","Wednesday","Thursday","Friday","Saturday","Sunday"],"opens":"09:00","closes":"19:00"}],"email":"info@dekorcu.com.tr"},{"@type":"PostalAddress","@id":"https:\/\/dekorcu.com.tr\/en\/about-us\/#local-main-place-address","streetAddress":"S\u00fcmer Mah, Prof. Dr. Turan G\u00fcne\u015f Cd. No:10\/A","addressLocality":"Zeytinburnu","postalCode":"34025","addressRegion":"\u0130stanbul","addressCountry":"TR"},{"@type":"ImageObject","inLanguage":"en-US","@id":"https:\/\/dekorcu.com.tr\/en\/about-us\/#local-main-organization-logo","url":"https:\/\/dekorcu.com.tr\/wp-content\/uploads\/2021\/01\/dekorcu-logo-2-300x86-5.png","contentUrl":"https:\/\/dekorcu.com.tr\/wp-content\/uploads\/2021\/01\/dekorcu-logo-2-300x86-5.png","width":300,"height":86,"caption":"DekorCu"}]},"geo.placename":"Zeytinburnu","geo.region":"Turkey"},"_links":{"self":[{"href":"https:\/\/dekorcu.com.tr\/en\/wp-json\/wp\/v2\/pages\/3463","targetHints":{"allow":["GET"]}}],"collection":[{"href":"https:\/\/dekorcu.com.tr\/en\/wp-json\/wp\/v2\/pages"}],"about":[{"href":"https:\/\/dekorcu.com.tr\/en\/wp-json\/wp\/v2\/types\/page"}],"author":[{"embeddable":true,"href":"https:\/\/dekorcu.com.tr\/en\/wp-json\/wp\/v2\/users\/1"}],"replies":[{"embeddable":true,"href":"https:\/\/dekorcu.com.tr\/en\/wp-json\/wp\/v2\/comments?post=3463"}],"version-history":[{"count":0,"href":"https:\/\/dekorcu.com.tr\/en\/wp-json\/wp\/v2\/pages\/3463\/revisions"}],"wp:attachment":[{"href":"https:\/\/dekorcu.com.tr\/en\/wp-json\/wp\/v2\/media?parent=3463"}],"curies":[{"name":"wp","href":"https:\/\/api.w.org\/{rel}","templated":true}]}}