{"id":3442,"date":"2021-04-21T16:42:22","date_gmt":"2021-04-21T13:42:22","guid":{"rendered":"https:\/\/dekorcu.com.tr\/?page_id=3442"},"modified":"2021-04-21T16:42:22","modified_gmt":"2021-04-21T13:42:22","slug":"portfolio","status":"publish","type":"page","link":"https:\/\/dekorcu.com.tr\/en\/portfolio\/","title":{"rendered":"Portfolio"},"content":{"rendered":"<section class=\"wpb-content-wrapper\"><p>[vc_row fullwidth=&#8221;yes&#8221;][vc_column]  \n\n\t<!-- Element: OT Portfolio Filter -->\n\t<div class=\"projects-grid-wrapper\">\n\t\t\t\t\t<div class=\"container\">\n\t\t    \t<!-- portfolio filter begin -->\n\t\t\t    <div class=\"row\">\n\t\t\t        <div class=\"col-md-12 text-center\">\n\t\t\t            <ul id=\"filter\" class=\"project_filters wow fadeInUp listed_taxonomy_filters\" data-wow-delay=\"0s\">\n\t\t\t            \t<li><a href=\"#\" data-filter=\"*\" class=\"selected\">All<\/a><\/li>                    \n\t\t\t                <li class=\"cate_parent\"><a href=\"#\" data-filter=\".category-82\">House<\/a><\/li><li class=\"cate_parent\"><a href=\"#\" data-filter=\".category-83\">Workplace<\/a><\/li>                    \n\t\t\t            <\/ul>\n\t\t\t        <\/div>\n\t\t\t    <\/div>\n\t\t    \t<!-- portfolio filter close -->\n\t\t    <\/div>\n\t    \n\t    <div class=\"projects-grid projects-load-ajax overlay_s1  pf_4_cols\" style=\"margin: -5px 5px\">\n\t    \t<div class=\"project-item-sizer\"><\/div>\n\t                     \n\t        <!-- gallery item -->\n\t        <div class=\"project-item category-82 \" style=\"padding:5px\">\n\t        \t<div class=\"projects-box\">\n\t\t\t\t\t<div class=\"projects-thumbnail\">\n\t\t\t\t\t\t<img decoding=\"async\" width=\"700\" height=\"466\" src=\"https:\/\/dekorcu.com.tr\/wp-content\/uploads\/2021\/02\/nidapark-0-750x499.jpg\" class=\"attachment-700x466 size-700x466 wp-post-image\" alt=\"\" 0=\"\" title=\"nidapark--(0)\" \/>\t\t\t\t\t<\/div>\t\t\t\t\t\t\t\n\t\t\t\t\t<a class=\"simple-ajax-popup-align-top\" href=\"https:\/\/dekorcu.com.tr\/en\/projects\/nida-park-yakut-evleri\/\">\n\t\t\t\t\t\t<span class=\"project-overlay\">\n\t\t\t\t\t\t\t<span class=\"project-name id-color\">Nida Park Yakut Evleri<\/span>\t\n\t\t\t\t\t\t<\/span>\n\t\t\t\t\t<\/a>\t\n\t\t\t\t<\/div>\n\t        <\/div>        \n\t        <!-- close gallery item -->\n\t                     \n\t        <!-- gallery item -->\n\t        <div class=\"project-item category-82 \" style=\"padding:5px\">\n\t        \t<div class=\"projects-box\">\n\t\t\t\t\t<div class=\"projects-thumbnail\">\n\t\t\t\t\t\t<img decoding=\"async\" width=\"700\" height=\"466\" src=\"https:\/\/dekorcu.com.tr\/wp-content\/uploads\/2021\/01\/atakoy-selenium-5-1030x773-1-750x499.jpg\" class=\"attachment-700x466 size-700x466 wp-post-image\" alt=\"\" 0=\"\" title=\"atak\u00f6y-selenium-5-1030x773\" \/>\t\t\t\t\t<\/div>\t\t\t\t\t\t\t\n\t\t\t\t\t<a class=\"simple-ajax-popup-align-top\" href=\"https:\/\/dekorcu.com.tr\/en\/projects\/atakoy\/\">\n\t\t\t\t\t\t<span class=\"project-overlay\">\n\t\t\t\t\t\t\t<span class=\"project-name id-color\">Atak\u00f6y<\/span>\t\n\t\t\t\t\t\t<\/span>\n\t\t\t\t\t<\/a>\t\n\t\t\t\t<\/div>\n\t        <\/div>        \n\t        <!-- close gallery item -->\n\t                     \n\t        <!-- gallery item -->\n\t        <div class=\"project-item category-82 \" style=\"padding:5px\">\n\t        \t<div class=\"projects-box\">\n\t\t\t\t\t<div class=\"projects-thumbnail\">\n\t\t\t\t\t\t<img decoding=\"async\" width=\"700\" height=\"466\" src=\"https:\/\/dekorcu.com.tr\/wp-content\/uploads\/2021\/01\/dfsdfs-750x499.png\" class=\"attachment-700x466 size-700x466 wp-post-image\" alt=\"\" 0=\"\" title=\"dfsdfs\" \/>\t\t\t\t\t<\/div>\t\t\t\t\t\t\t\n\t\t\t\t\t<a class=\"simple-ajax-popup-align-top\" href=\"https:\/\/dekorcu.com.tr\/en\/projects\/vadi-istanbul-evleri\/\">\n\t\t\t\t\t\t<span class=\"project-overlay\">\n\t\t\t\t\t\t\t<span class=\"project-name id-color\">Vadi \u0130stanbul Evleri<\/span>\t\n\t\t\t\t\t\t<\/span>\n\t\t\t\t\t<\/a>\t\n\t\t\t\t<\/div>\n\t        <\/div>        \n\t        <!-- close gallery item -->\n\t                     \n\t        <!-- gallery item -->\n\t        <div class=\"project-item category-83 \" style=\"padding:5px\">\n\t        \t<div class=\"projects-box\">\n\t\t\t\t\t<div class=\"projects-thumbnail\">\n\t\t\t\t\t\t<img decoding=\"async\" width=\"700\" height=\"466\" src=\"https:\/\/dekorcu.com.tr\/wp-content\/uploads\/2021\/01\/qweqwe-750x499.png\" class=\"attachment-700x466 size-700x466 wp-post-image\" alt=\"\" 0=\"\" title=\"qweqwe\" \/>\t\t\t\t\t<\/div>\t\t\t\t\t\t\t\n\t\t\t\t\t<a class=\"simple-ajax-popup-align-top\" href=\"https:\/\/dekorcu.com.tr\/en\/projects\/oba-cafe-baltalimani\/\">\n\t\t\t\t\t\t<span class=\"project-overlay\">\n\t\t\t\t\t\t\t<span class=\"project-name id-color\">OBA Cafe Baltaliman\u0131<\/span>\t\n\t\t\t\t\t\t<\/span>\n\t\t\t\t\t<\/a>\t\n\t\t\t\t<\/div>\n\t        <\/div>        \n\t        <!-- close gallery item -->\n\t                     \n\t        <!-- gallery item -->\n\t        <div class=\"project-item category-83 \" style=\"padding:5px\">\n\t        \t<div class=\"projects-box\">\n\t\t\t\t\t<div class=\"projects-thumbnail\">\n\t\t\t\t\t\t<img decoding=\"async\" width=\"700\" height=\"466\" src=\"https:\/\/dekorcu.com.tr\/wp-content\/uploads\/2021\/01\/bvcfdg-750x499.png\" class=\"attachment-700x466 size-700x466 wp-post-image\" alt=\"\" 0=\"\" title=\"bvcfdg\" \/>\t\t\t\t\t<\/div>\t\t\t\t\t\t\t\n\t\t\t\t\t<a class=\"simple-ajax-popup-align-top\" href=\"https:\/\/dekorcu.com.tr\/en\/projects\/hacibozanogullari\/\">\n\t\t\t\t\t\t<span class=\"project-overlay\">\n\t\t\t\t\t\t\t<span class=\"project-name id-color\">Hac\u0131bozano\u011fullar\u0131<\/span>\t\n\t\t\t\t\t\t<\/span>\n\t\t\t\t\t<\/a>\t\n\t\t\t\t<\/div>\n\t        <\/div>        \n\t        <!-- close gallery item -->\n\t                     \n\t        <!-- gallery item -->\n\t        <div class=\"project-item category-82 \" style=\"padding:5px\">\n\t        \t<div class=\"projects-box\">\n\t\t\t\t\t<div class=\"projects-thumbnail\">\n\t\t\t\t\t\t<img decoding=\"async\" width=\"700\" height=\"466\" src=\"https:\/\/dekorcu.com.tr\/wp-content\/uploads\/2015\/07\/BAHCELIEVLER-3-1030x773-1-750x499.jpeg\" class=\"attachment-700x466 size-700x466 wp-post-image\" alt=\"\" 0=\"\" title=\"BAH\u00c7EL\u0130EVLER-3-1030x773\" \/>\t\t\t\t\t<\/div>\t\t\t\t\t\t\t\n\t\t\t\t\t<a class=\"simple-ajax-popup-align-top\" href=\"https:\/\/dekorcu.com.tr\/en\/projects\/bahcelievler\/\">\n\t\t\t\t\t\t<span class=\"project-overlay\">\n\t\t\t\t\t\t\t<span class=\"project-name id-color\">Bah\u00e7elievler<\/span>\t\n\t\t\t\t\t\t<\/span>\n\t\t\t\t\t<\/a>\t\n\t\t\t\t<\/div>\n\t        <\/div>        \n\t        <!-- close gallery item -->\n\t                     \n\t        <!-- gallery item -->\n\t        <div class=\"project-item category-82 \" style=\"padding:5px\">\n\t        \t<div class=\"projects-box\">\n\t\t\t\t\t<div class=\"projects-thumbnail\">\n\t\t\t\t\t\t<img decoding=\"async\" width=\"700\" height=\"466\" src=\"https:\/\/dekorcu.com.tr\/wp-content\/uploads\/2015\/07\/Avrupa-Konutlari-2-1030x580-1-750x499.jpg\" class=\"attachment-700x466 size-700x466 wp-post-image\" alt=\"\" 0=\"\" title=\"Avrupa-Konutlar\u0131-2-1030x580\" \/>\t\t\t\t\t<\/div>\t\t\t\t\t\t\t\n\t\t\t\t\t<a class=\"simple-ajax-popup-align-top\" href=\"https:\/\/dekorcu.com.tr\/en\/projects\/avrupa-konutlari\/\">\n\t\t\t\t\t\t<span class=\"project-overlay\">\n\t\t\t\t\t\t\t<span class=\"project-name id-color\">Avrupa Konutlar\u0131<\/span>\t\n\t\t\t\t\t\t<\/span>\n\t\t\t\t\t<\/a>\t\n\t\t\t\t<\/div>\n\t        <\/div>        \n\t        <!-- close gallery item -->\n\t                     \n\t        <!-- gallery item -->\n\t        <div class=\"project-item category-83 \" style=\"padding:5px\">\n\t        \t<div class=\"projects-box\">\n\t\t\t\t\t<div class=\"projects-thumbnail\">\n\t\t\t\t\t\t<img decoding=\"async\" width=\"700\" height=\"466\" src=\"https:\/\/dekorcu.com.tr\/wp-content\/uploads\/2015\/07\/merter-2-1030x773-1-750x499.jpg\" class=\"attachment-700x466 size-700x466 wp-post-image\" alt=\"\" 0=\"\" title=\"merter-2-1030x773\" \/>\t\t\t\t\t<\/div>\t\t\t\t\t\t\t\n\t\t\t\t\t<a class=\"simple-ajax-popup-align-top\" href=\"https:\/\/dekorcu.com.tr\/en\/projects\/merter\/\">\n\t\t\t\t\t\t<span class=\"project-overlay\">\n\t\t\t\t\t\t\t<span class=\"project-name id-color\">Merter<\/span>\t\n\t\t\t\t\t\t<\/span>\n\t\t\t\t\t<\/a>\t\n\t\t\t\t<\/div>\n\t        <\/div>        \n\t        <!-- close gallery item -->\n\t                     \n\t        <!-- gallery item -->\n\t        <div class=\"project-item category-82 \" style=\"padding:5px\">\n\t        \t<div class=\"projects-box\">\n\t\t\t\t\t<div class=\"projects-thumbnail\">\n\t\t\t\t\t\t<img decoding=\"async\" width=\"700\" height=\"466\" src=\"https:\/\/dekorcu.com.tr\/wp-content\/uploads\/2015\/07\/Ispartakule-Bizimevler-7-8-1030x1030-1-750x499.jpg\" class=\"attachment-700x466 size-700x466 wp-post-image\" alt=\"\" 0=\"\" title=\"Ispartakule-Bizimevler-7-8-1030x1030\" \/>\t\t\t\t\t<\/div>\t\t\t\t\t\t\t\n\t\t\t\t\t<a class=\"simple-ajax-popup-align-top\" href=\"https:\/\/dekorcu.com.tr\/en\/projects\/ispartakule-bizimevler-7\/\">\n\t\t\t\t\t\t<span class=\"project-overlay\">\n\t\t\t\t\t\t\t<span class=\"project-name id-color\">Ispartakule Bizimevler 7<\/span>\t\n\t\t\t\t\t\t<\/span>\n\t\t\t\t\t<\/a>\t\n\t\t\t\t<\/div>\n\t        <\/div>        \n\t        <!-- close gallery item -->\n\t                     \n\t        <!-- gallery item -->\n\t        <div class=\"project-item category-82 \" style=\"padding:5px\">\n\t        \t<div class=\"projects-box\">\n\t\t\t\t\t<div class=\"projects-thumbnail\">\n\t\t\t\t\t\t<img decoding=\"async\" width=\"700\" height=\"466\" src=\"https:\/\/dekorcu.com.tr\/wp-content\/uploads\/2015\/07\/bakirkoy-04-1030x773-1-750x499.jpg\" class=\"attachment-700x466 size-700x466 wp-post-image\" alt=\"\" 0=\"\" title=\"bak\u0131rk\u00f6y-04-1030x773\" \/>\t\t\t\t\t<\/div>\t\t\t\t\t\t\t\n\t\t\t\t\t<a class=\"simple-ajax-popup-align-top\" href=\"https:\/\/dekorcu.com.tr\/en\/projects\/bakirkoy\/\">\n\t\t\t\t\t\t<span class=\"project-overlay\">\n\t\t\t\t\t\t\t<span class=\"project-name id-color\">Bak\u0131rk\u00f6y<\/span>\t\n\t\t\t\t\t\t<\/span>\n\t\t\t\t\t<\/a>\t\n\t\t\t\t<\/div>\n\t        <\/div>        \n\t        <!-- close gallery item -->\n\t                     \n\t        <!-- gallery item -->\n\t        <div class=\"project-item category-82 \" style=\"padding:5px\">\n\t        \t<div class=\"projects-box\">\n\t\t\t\t\t<div class=\"projects-thumbnail\">\n\t\t\t\t\t\t<img decoding=\"async\" width=\"700\" height=\"466\" src=\"https:\/\/dekorcu.com.tr\/wp-content\/uploads\/2015\/07\/Kiptas-Vaditepe-Bahcesehir-3-12-1030x773-1-750x499.jpg\" class=\"attachment-700x466 size-700x466 wp-post-image\" alt=\"\" 0=\"\" title=\"Kipta\u015f-Vaditepe-Bah\u00e7e\u015fehir-3-12-1030x773\" \/>\t\t\t\t\t<\/div>\t\t\t\t\t\t\t\n\t\t\t\t\t<a class=\"simple-ajax-popup-align-top\" href=\"https:\/\/dekorcu.com.tr\/en\/projects\/kiptas-vaditepe-bahcesehir-3\/\">\n\t\t\t\t\t\t<span class=\"project-overlay\">\n\t\t\t\t\t\t\t<span class=\"project-name id-color\">Kipta\u015f Vaditepe Bah\u00e7e\u015fehir 3<\/span>\t\n\t\t\t\t\t\t<\/span>\n\t\t\t\t\t<\/a>\t\n\t\t\t\t<\/div>\n\t        <\/div>        \n\t        <!-- close gallery item -->\n\t                     \n\t        <!-- gallery item -->\n\t        <div class=\"project-item category-82 \" style=\"padding:5px\">\n\t        \t<div class=\"projects-box\">\n\t\t\t\t\t<div class=\"projects-thumbnail\">\n\t\t\t\t\t\t<img decoding=\"async\" width=\"700\" height=\"466\" src=\"https:\/\/dekorcu.com.tr\/wp-content\/uploads\/2015\/07\/Kiptas-Vaditepe-Bahcesehir-2-01-1030x773-1-750x499.jpg\" class=\"attachment-700x466 size-700x466 wp-post-image\" alt=\"\" 0=\"\" title=\"Kipta\u015f-Vaditepe-Bah\u00e7e\u015fehir-2-01-1030x773\" \/>\t\t\t\t\t<\/div>\t\t\t\t\t\t\t\n\t\t\t\t\t<a class=\"simple-ajax-popup-align-top\" href=\"https:\/\/dekorcu.com.tr\/en\/projects\/bahcesehir-vaditepe\/\">\n\t\t\t\t\t\t<span class=\"project-overlay\">\n\t\t\t\t\t\t\t<span class=\"project-name id-color\">Bah\u00e7e\u015fehir Vaditepe<\/span>\t\n\t\t\t\t\t\t<\/span>\n\t\t\t\t\t<\/a>\t\n\t\t\t\t<\/div>\n\t        <\/div>        \n\t        <!-- close gallery item -->\n\t                     \n\t        <!-- gallery item -->\n\t        <div class=\"project-item category-82 \" style=\"padding:5px\">\n\t        \t<div class=\"projects-box\">\n\t\t\t\t\t<div class=\"projects-thumbnail\">\n\t\t\t\t\t\t<img decoding=\"async\" width=\"700\" height=\"466\" src=\"https:\/\/dekorcu.com.tr\/wp-content\/uploads\/2015\/07\/Bahcesehir-Mavera-Evleri-1-1030x580-1-750x499.jpg\" class=\"attachment-700x466 size-700x466 wp-post-image\" alt=\"\" 0=\"\" title=\"Bah\u00e7e\u015fehir-Mavera-Evleri-1-1030x580\" \/>\t\t\t\t\t<\/div>\t\t\t\t\t\t\t\n\t\t\t\t\t<a class=\"simple-ajax-popup-align-top\" href=\"https:\/\/dekorcu.com.tr\/en\/projects\/bahcesehir-mavera-evleri\/\">\n\t\t\t\t\t\t<span class=\"project-overlay\">\n\t\t\t\t\t\t\t<span class=\"project-name id-color\">Bah\u00e7e\u015fehir Mavera Evleri<\/span>\t\n\t\t\t\t\t\t<\/span>\n\t\t\t\t\t<\/a>\t\n\t\t\t\t<\/div>\n\t        <\/div>        \n\t        <!-- close gallery item -->\n\t                     \n\t        <!-- gallery item -->\n\t        <div class=\"project-item category-82 \" style=\"padding:5px\">\n\t        \t<div class=\"projects-box\">\n\t\t\t\t\t<div class=\"projects-thumbnail\">\n\t\t\t\t\t\t<img decoding=\"async\" width=\"700\" height=\"466\" src=\"https:\/\/dekorcu.com.tr\/wp-content\/uploads\/2015\/07\/dffdsf-750x499.png\" class=\"attachment-700x466 size-700x466 wp-post-image\" alt=\"\" 0=\"\" title=\"dffdsf\" \/>\t\t\t\t\t<\/div>\t\t\t\t\t\t\t\n\t\t\t\t\t<a class=\"simple-ajax-popup-align-top\" href=\"https:\/\/dekorcu.com.tr\/en\/projects\/buyukyali\/\">\n\t\t\t\t\t\t<span class=\"project-overlay\">\n\t\t\t\t\t\t\t<span class=\"project-name id-color\">B\u00fcy\u00fckyal\u0131<\/span>\t\n\t\t\t\t\t\t<\/span>\n\t\t\t\t\t<\/a>\t\n\t\t\t\t<\/div>\n\t        <\/div>        \n\t        <!-- close gallery item -->\n\t                     \n\t        <!-- gallery item -->\n\t        <div class=\"project-item category-82 \" style=\"padding:5px\">\n\t        \t<div class=\"projects-box\">\n\t\t\t\t\t<div class=\"projects-thumbnail\">\n\t\t\t\t\t\t<img decoding=\"async\" width=\"700\" height=\"466\" src=\"https:\/\/dekorcu.com.tr\/wp-content\/uploads\/2015\/07\/wqeqwe-750x499.png\" class=\"attachment-700x466 size-700x466 wp-post-image\" alt=\"\" 0=\"\" title=\"wqeqwe\" \/>\t\t\t\t\t<\/div>\t\t\t\t\t\t\t\n\t\t\t\t\t<a class=\"simple-ajax-popup-align-top\" href=\"https:\/\/dekorcu.com.tr\/en\/projects\/atakoy-yali-konaklari\/\">\n\t\t\t\t\t\t<span class=\"project-overlay\">\n\t\t\t\t\t\t\t<span class=\"project-name id-color\">Atak\u00f6y Yal\u0131 Konaklar\u0131<\/span>\t\n\t\t\t\t\t\t<\/span>\n\t\t\t\t\t<\/a>\t\n\t\t\t\t<\/div>\n\t        <\/div>        \n\t        <!-- close gallery item -->\n\t                     \n\t        <!-- gallery item -->\n\t        <div class=\"project-item category-82 \" style=\"padding:5px\">\n\t        \t<div class=\"projects-box\">\n\t\t\t\t\t<div class=\"projects-thumbnail\">\n\t\t\t\t\t\t<img decoding=\"async\" width=\"700\" height=\"466\" src=\"https:\/\/dekorcu.com.tr\/wp-content\/uploads\/2015\/07\/qwewe-750x499.png\" class=\"attachment-700x466 size-700x466 wp-post-image\" alt=\"\" 0=\"\" title=\"qwewe\" \/>\t\t\t\t\t<\/div>\t\t\t\t\t\t\t\n\t\t\t\t\t<a class=\"simple-ajax-popup-align-top\" href=\"https:\/\/dekorcu.com.tr\/en\/projects\/kayasehir-mavera-park-evleri\/\">\n\t\t\t\t\t\t<span class=\"project-overlay\">\n\t\t\t\t\t\t\t<span class=\"project-name id-color\">Kaya\u015fehir Mavera Park Evleri<\/span>\t\n\t\t\t\t\t\t<\/span>\n\t\t\t\t\t<\/a>\t\n\t\t\t\t<\/div>\n\t        <\/div>        \n\t        <!-- close gallery item -->\n\t                     \n\t        <!-- gallery item -->\n\t        <div class=\"project-item category-82 \" style=\"padding:5px\">\n\t        \t<div class=\"projects-box\">\n\t\t\t\t\t<div class=\"projects-thumbnail\">\n\t\t\t\t\t\t<img decoding=\"async\" width=\"700\" height=\"466\" src=\"https:\/\/dekorcu.com.tr\/wp-content\/uploads\/2015\/07\/bcvbcvb-750x499.png\" class=\"attachment-700x466 size-700x466 wp-post-image\" alt=\"\" 0=\"\" title=\"bcvbcvb\" \/>\t\t\t\t\t<\/div>\t\t\t\t\t\t\t\n\t\t\t\t\t<a class=\"simple-ajax-popup-align-top\" href=\"https:\/\/dekorcu.com.tr\/en\/projects\/beylikduzu\/\">\n\t\t\t\t\t\t<span class=\"project-overlay\">\n\t\t\t\t\t\t\t<span class=\"project-name id-color\">Beylikd\u00fcz\u00fc<\/span>\t\n\t\t\t\t\t\t<\/span>\n\t\t\t\t\t<\/a>\t\n\t\t\t\t<\/div>\n\t        <\/div>        \n\t        <!-- close gallery item -->\n\t        \t    <\/div>\n\t    \t    \t<\/div>\n[\/vc_column][\/vc_row][vc_row fullwidth=&#8221;yes&#8221; css=&#8221;.vc_custom_1442204699720{padding-top: 60px !important;padding-bottom: 60px !important;}&#8221; el_class=&#8221;call-to-action bg-color text-center&#8221;][vc_column]\t\t\t\n\t<!-- Element: OT Button --> \n\t\t\t<a href=\"\/en\/contact\/\" target=\"_self\" class=\"btn btn-line-black btn-big  \">CONTACT US<\/a>\n\t    \n[\/vc_column][\/vc_row]<\/p>\n<\/section>","protected":false},"excerpt":{"rendered":"<p>[vc_row fullwidth=&#8221;yes&#8221;][vc_column][\/vc_column][\/vc_row][vc_row fullwidth=&#8221;yes&#8221; css=&#8221;.vc_custom_1442204699720{padding-top: 60px !important;padding-bottom: 60px !important;}&#8221; el_class=&#8221;call-to-action bg-color text-center&#8221;][vc_column][\/vc_column][\/vc_row]<\/p>\n","protected":false},"author":1,"featured_media":0,"parent":0,"menu_order":0,"comment_status":"open","ping_status":"closed","template":"page-templates\/template-fullwidth.php","meta":{"_joinchat":[],"footnotes":""},"class_list":["post-3442","page","type-page","status-publish","hentry"],"yoast_head":"<!-- This site is optimized with the Yoast SEO Premium plugin v19.6 (Yoast SEO v27.5) - https:\/\/yoast.com\/product\/yoast-seo-premium-wordpress\/ -->\n<title>Portfolio - Dekorcu Curtain - Decor - Design<\/title>\n<meta name=\"robots\" content=\"index, follow, max-snippet:-1, max-image-preview:large, max-video-preview:-1\" \/>\n<link rel=\"canonical\" href=\"https:\/\/dekorcu.com.tr\/en\/portfolio\/\" \/>\n<meta property=\"og:locale\" content=\"en_US\" \/>\n<meta property=\"og:type\" content=\"article\" \/>\n<meta property=\"og:title\" content=\"Portfolio\" \/>\n<meta property=\"og:description\" content=\"[vc_row fullwidth=&#8221;yes&#8221;][vc_column][\/vc_column][\/vc_row][vc_row fullwidth=&#8221;yes&#8221; css=&#8221;.vc_custom_1442204699720{padding-top: 60px !important;padding-bottom: 60px !important;}&#8221; el_class=&#8221;call-to-action bg-color text-center&#8221;][vc_column][\/vc_column][\/vc_row]\" \/>\n<meta property=\"og:url\" content=\"https:\/\/dekorcu.com.tr\/en\/portfolio\/\" \/>\n<meta property=\"og:site_name\" content=\"Dekorcu\" \/>\n<meta property=\"article:publisher\" content=\"https:\/\/www.facebook.com\/dekorcuperdeistanbul\" \/>\n<meta property=\"og:image\" content=\"https:\/\/dekorcu.com.tr\/wp-content\/uploads\/2021\/01\/dekorcu-logo-2-300x86-5.png\" \/>\n\t<meta property=\"og:image:width\" content=\"300\" \/>\n\t<meta property=\"og:image:height\" content=\"86\" \/>\n\t<meta property=\"og:image:type\" content=\"image\/png\" \/>\n<meta name=\"twitter:card\" content=\"summary_large_image\" \/>\n<meta name=\"twitter:label1\" content=\"Est. reading time\" \/>\n\t<meta name=\"twitter:data1\" content=\"1 minute\" \/>\n<script type=\"application\/ld+json\" class=\"yoast-schema-graph\">{\"@context\":\"https:\\\/\\\/schema.org\",\"@graph\":[{\"@type\":\"WebPage\",\"@id\":\"https:\\\/\\\/dekorcu.com.tr\\\/en\\\/portfolio\\\/\",\"url\":\"https:\\\/\\\/dekorcu.com.tr\\\/en\\\/portfolio\\\/\",\"name\":\"Portfolio - Dekorcu Curtain - Decor - Design\",\"isPartOf\":{\"@id\":\"https:\\\/\\\/dekorcu.com.tr\\\/en\\\/#website\"},\"datePublished\":\"2021-04-21T13:42:22+00:00\",\"breadcrumb\":{\"@id\":\"https:\\\/\\\/dekorcu.com.tr\\\/en\\\/portfolio\\\/#breadcrumb\"},\"inLanguage\":\"en-US\",\"potentialAction\":[{\"@type\":\"ReadAction\",\"target\":[\"https:\\\/\\\/dekorcu.com.tr\\\/en\\\/portfolio\\\/\"]}]},{\"@type\":\"BreadcrumbList\",\"@id\":\"https:\\\/\\\/dekorcu.com.tr\\\/en\\\/portfolio\\\/#breadcrumb\",\"itemListElement\":[{\"@type\":\"ListItem\",\"position\":1,\"name\":\"Ana Sayfa\",\"item\":\"https:\\\/\\\/dekorcu.com.tr\\\/en\\\/\"},{\"@type\":\"ListItem\",\"position\":2,\"name\":\"Portfolio\"}]},{\"@type\":\"WebSite\",\"@id\":\"https:\\\/\\\/dekorcu.com.tr\\\/en\\\/#website\",\"url\":\"https:\\\/\\\/dekorcu.com.tr\\\/en\\\/\",\"name\":\"Dekorcu\",\"description\":\"Curtain - Decor - Design\",\"publisher\":{\"@id\":\"https:\\\/\\\/dekorcu.com.tr\\\/en\\\/#organization\"},\"potentialAction\":[{\"@type\":\"SearchAction\",\"target\":{\"@type\":\"EntryPoint\",\"urlTemplate\":\"https:\\\/\\\/dekorcu.com.tr\\\/en\\\/?s={search_term_string}\"},\"query-input\":{\"@type\":\"PropertyValueSpecification\",\"valueRequired\":true,\"valueName\":\"search_term_string\"}}],\"inLanguage\":\"en-US\"},{\"@type\":[\"Organization\",\"Place\",\"HomeGoodsStore\"],\"@id\":\"https:\\\/\\\/dekorcu.com.tr\\\/en\\\/#organization\",\"name\":\"DekorCu\",\"url\":\"https:\\\/\\\/dekorcu.com.tr\\\/en\\\/\",\"logo\":{\"@id\":\"https:\\\/\\\/dekorcu.com.tr\\\/en\\\/portfolio\\\/#local-main-organization-logo\"},\"image\":{\"@id\":\"https:\\\/\\\/dekorcu.com.tr\\\/en\\\/portfolio\\\/#local-main-organization-logo\"},\"sameAs\":[\"https:\\\/\\\/www.facebook.com\\\/dekorcuperdeistanbul\",\"https:\\\/\\\/www.instagram.com\\\/dekorcuperde\\\/\"],\"address\":{\"@id\":\"https:\\\/\\\/dekorcu.com.tr\\\/en\\\/portfolio\\\/#local-main-place-address\"},\"telephone\":[\"+90 (212) 510 07 54\",\"+90 (532) 230 02 32\"],\"openingHoursSpecification\":[{\"@type\":\"OpeningHoursSpecification\",\"dayOfWeek\":[\"Monday\",\"Tuesday\",\"Wednesday\",\"Thursday\",\"Friday\",\"Saturday\",\"Sunday\"],\"opens\":\"09:00\",\"closes\":\"19:00\"}],\"email\":\"info@dekorcu.com.tr\"},{\"@type\":\"PostalAddress\",\"@id\":\"https:\\\/\\\/dekorcu.com.tr\\\/en\\\/portfolio\\\/#local-main-place-address\",\"streetAddress\":\"S\u00fcmer Mah, Prof. Dr. Turan G\u00fcne\u015f Cd. No:10\\\/A\",\"addressLocality\":\"Zeytinburnu\",\"postalCode\":\"34025\",\"addressRegion\":\"\u0130stanbul\",\"addressCountry\":\"TR\"},{\"@type\":\"ImageObject\",\"inLanguage\":\"en-US\",\"@id\":\"https:\\\/\\\/dekorcu.com.tr\\\/en\\\/portfolio\\\/#local-main-organization-logo\",\"url\":\"https:\\\/\\\/dekorcu.com.tr\\\/wp-content\\\/uploads\\\/2021\\\/01\\\/dekorcu-logo-2-300x86-5.png\",\"contentUrl\":\"https:\\\/\\\/dekorcu.com.tr\\\/wp-content\\\/uploads\\\/2021\\\/01\\\/dekorcu-logo-2-300x86-5.png\",\"width\":300,\"height\":86,\"caption\":\"DekorCu\"}]}<\/script>\n<meta name=\"geo.placename\" content=\"Zeytinburnu\" \/>\n<meta name=\"geo.region\" content=\"Turkey\" \/>\n<!-- \/ Yoast SEO Premium plugin. -->","yoast_head_json":{"title":"Portfolio - Dekorcu Curtain - Decor - Design","robots":{"index":"index","follow":"follow","max-snippet":"max-snippet:-1","max-image-preview":"max-image-preview:large","max-video-preview":"max-video-preview:-1"},"canonical":"https:\/\/dekorcu.com.tr\/en\/portfolio\/","og_locale":"en_US","og_type":"article","og_title":"Portfolio","og_description":"[vc_row fullwidth=&#8221;yes&#8221;][vc_column][\/vc_column][\/vc_row][vc_row fullwidth=&#8221;yes&#8221; css=&#8221;.vc_custom_1442204699720{padding-top: 60px !important;padding-bottom: 60px !important;}&#8221; el_class=&#8221;call-to-action bg-color text-center&#8221;][vc_column][\/vc_column][\/vc_row]","og_url":"https:\/\/dekorcu.com.tr\/en\/portfolio\/","og_site_name":"Dekorcu","article_publisher":"https:\/\/www.facebook.com\/dekorcuperdeistanbul","og_image":[{"width":300,"height":86,"url":"https:\/\/dekorcu.com.tr\/wp-content\/uploads\/2021\/01\/dekorcu-logo-2-300x86-5.png","type":"image\/png"}],"twitter_card":"summary_large_image","twitter_misc":{"Est. reading time":"1 minute"},"schema":{"@context":"https:\/\/schema.org","@graph":[{"@type":"WebPage","@id":"https:\/\/dekorcu.com.tr\/en\/portfolio\/","url":"https:\/\/dekorcu.com.tr\/en\/portfolio\/","name":"Portfolio - Dekorcu Curtain - Decor - Design","isPartOf":{"@id":"https:\/\/dekorcu.com.tr\/en\/#website"},"datePublished":"2021-04-21T13:42:22+00:00","breadcrumb":{"@id":"https:\/\/dekorcu.com.tr\/en\/portfolio\/#breadcrumb"},"inLanguage":"en-US","potentialAction":[{"@type":"ReadAction","target":["https:\/\/dekorcu.com.tr\/en\/portfolio\/"]}]},{"@type":"BreadcrumbList","@id":"https:\/\/dekorcu.com.tr\/en\/portfolio\/#breadcrumb","itemListElement":[{"@type":"ListItem","position":1,"name":"Ana Sayfa","item":"https:\/\/dekorcu.com.tr\/en\/"},{"@type":"ListItem","position":2,"name":"Portfolio"}]},{"@type":"WebSite","@id":"https:\/\/dekorcu.com.tr\/en\/#website","url":"https:\/\/dekorcu.com.tr\/en\/","name":"Dekorcu","description":"Curtain - Decor - Design","publisher":{"@id":"https:\/\/dekorcu.com.tr\/en\/#organization"},"potentialAction":[{"@type":"SearchAction","target":{"@type":"EntryPoint","urlTemplate":"https:\/\/dekorcu.com.tr\/en\/?s={search_term_string}"},"query-input":{"@type":"PropertyValueSpecification","valueRequired":true,"valueName":"search_term_string"}}],"inLanguage":"en-US"},{"@type":["Organization","Place","HomeGoodsStore"],"@id":"https:\/\/dekorcu.com.tr\/en\/#organization","name":"DekorCu","url":"https:\/\/dekorcu.com.tr\/en\/","logo":{"@id":"https:\/\/dekorcu.com.tr\/en\/portfolio\/#local-main-organization-logo"},"image":{"@id":"https:\/\/dekorcu.com.tr\/en\/portfolio\/#local-main-organization-logo"},"sameAs":["https:\/\/www.facebook.com\/dekorcuperdeistanbul","https:\/\/www.instagram.com\/dekorcuperde\/"],"address":{"@id":"https:\/\/dekorcu.com.tr\/en\/portfolio\/#local-main-place-address"},"telephone":["+90 (212) 510 07 54","+90 (532) 230 02 32","+90 (212) 510 07 54","+90 (532) 230 02 32"],"openingHoursSpecification":[{"@type":"OpeningHoursSpecification","dayOfWeek":["Monday","Tuesday","Wednesday","Thursday","Friday","Saturday","Sunday"],"opens":"09:00","closes":"19:00"}],"email":"info@dekorcu.com.tr"},{"@type":"PostalAddress","@id":"https:\/\/dekorcu.com.tr\/en\/portfolio\/#local-main-place-address","streetAddress":"S\u00fcmer Mah, Prof. Dr. Turan G\u00fcne\u015f Cd. No:10\/A","addressLocality":"Zeytinburnu","postalCode":"34025","addressRegion":"\u0130stanbul","addressCountry":"TR"},{"@type":"ImageObject","inLanguage":"en-US","@id":"https:\/\/dekorcu.com.tr\/en\/portfolio\/#local-main-organization-logo","url":"https:\/\/dekorcu.com.tr\/wp-content\/uploads\/2021\/01\/dekorcu-logo-2-300x86-5.png","contentUrl":"https:\/\/dekorcu.com.tr\/wp-content\/uploads\/2021\/01\/dekorcu-logo-2-300x86-5.png","width":300,"height":86,"caption":"DekorCu"}]},"geo.placename":"Zeytinburnu","geo.region":"Turkey"},"_links":{"self":[{"href":"https:\/\/dekorcu.com.tr\/en\/wp-json\/wp\/v2\/pages\/3442","targetHints":{"allow":["GET"]}}],"collection":[{"href":"https:\/\/dekorcu.com.tr\/en\/wp-json\/wp\/v2\/pages"}],"about":[{"href":"https:\/\/dekorcu.com.tr\/en\/wp-json\/wp\/v2\/types\/page"}],"author":[{"embeddable":true,"href":"https:\/\/dekorcu.com.tr\/en\/wp-json\/wp\/v2\/users\/1"}],"replies":[{"embeddable":true,"href":"https:\/\/dekorcu.com.tr\/en\/wp-json\/wp\/v2\/comments?post=3442"}],"version-history":[{"count":0,"href":"https:\/\/dekorcu.com.tr\/en\/wp-json\/wp\/v2\/pages\/3442\/revisions"}],"wp:attachment":[{"href":"https:\/\/dekorcu.com.tr\/en\/wp-json\/wp\/v2\/media?parent=3442"}],"curies":[{"name":"wp","href":"https:\/\/api.w.org\/{rel}","templated":true}]}}