{"id":3435,"date":"2015-07-27T04:50:39","date_gmt":"2015-07-27T04:50:39","guid":{"rendered":"https:\/\/dekorcu.com.tr\/iletisim\/"},"modified":"2021-04-21T15:01:36","modified_gmt":"2021-04-21T12:01:36","slug":"contact","status":"publish","type":"page","link":"https:\/\/dekorcu.com.tr\/en\/contact\/","title":{"rendered":"Contact"},"content":{"rendered":"<section class=\"wpb-content-wrapper\"><p>[vc_row fullwidth=&#8221;yes&#8221; css=&#8221;.vc_custom_1438577278176{padding-bottom: 90px !important;}&#8221;][vc_column][vc_gmaps link=&#8221;#E-8_JTNDaWZyYW1lJTIwc3JjJTNEJTIyaHR0cHMlM0ElMkYlMkZ3d3cuZ29vZ2xlLmNvbSUyRm1hcHMlMkZlbWJlZCUzRnBiJTNEJTIxMW0xNCUyMTFtOCUyMTFtMyUyMTFkNjAyMy44Mzk1MDQ4MzM3MzQlMjEyZDI4Ljg5MzI3OSUyMTNkNDAuOTgzMjM4JTIxM20yJTIxMWkxMDI0JTIxMmk3NjglMjE0ZjEzLjElMjEzbTMlMjExbTIlMjExczB4MCUyNTNBMHg1MDc5MTIxNDA2OWYyNTJhJTIxMnNEZWtvcmN1JTI1MjBQZXJkZSUyMTVlMCUyMTNtMiUyMTFzdHIlMjEyc3RyJTIxNHYxNjExNjM1NzY2MzAxJTIxNW0yJTIxMXN0ciUyMTJzdHIlMjIlMjB3aWR0aCUzRCUyMjgwMCUyMiUyMGhlaWdodCUzRCUyMjYwMCUyMiUyMGZyYW1lYm9yZGVyJTNEJTIyMCUyMiUyMHN0eWxlJTNEJTIyYm9yZGVyJTNBMCUzQiUyMiUyMGFsbG93ZnVsbHNjcmVlbiUzRCUyMiUyMiUyMGFyaWEtaGlkZGVuJTNEJTIyZmFsc2UlMjIlMjB0YWJpbmRleCUzRCUyMjAlMjIlM0UlM0MlMkZpZnJhbWUlM0U=&#8221;][\/vc_column][\/vc_row][vc_row css=&#8221;.vc_custom_1438577300524{padding-bottom: 90px !important;}&#8221;][vc_column width=&#8221;2\/3&#8243; wap_class=&#8221;wow fadeInUp&#8221;]\n\t<!-- Element: OT Heading --> \t \n\t<h3 class=\"ot_custom_heading  \" style=\"\" >GET IN TOUCH WITH US<\/h3>\t\n[vc_empty_space height=&#8221;10px&#8221;]\n<div class=\"wpcf7 no-js\" id=\"wpcf7-f3434-o1\" lang=\"en-US\" dir=\"ltr\" data-wpcf7-id=\"3434\">\n<div class=\"screen-reader-response\"><p role=\"status\" aria-live=\"polite\" aria-atomic=\"true\"><\/p> <ul><\/ul><\/div>\n<form action=\"\/en\/wp-json\/wp\/v2\/pages\/3435#wpcf7-f3434-o1\" method=\"post\" class=\"wpcf7-form init\" aria-label=\"Contact form\" novalidate=\"novalidate\" data-status=\"init\">\n<fieldset class=\"hidden-fields-container\"><input type=\"hidden\" name=\"_wpcf7\" value=\"3434\" \/><input type=\"hidden\" name=\"_wpcf7_version\" value=\"6.1.5\" \/><input type=\"hidden\" name=\"_wpcf7_locale\" value=\"en_US\" \/><input type=\"hidden\" name=\"_wpcf7_unit_tag\" value=\"wpcf7-f3434-o1\" \/><input type=\"hidden\" name=\"_wpcf7_container_post\" value=\"0\" \/><input type=\"hidden\" name=\"_wpcf7_posted_data_hash\" value=\"\" \/><input type=\"hidden\" name=\"_wpcf7_recaptcha_response\" value=\"\" \/>\n<\/fieldset>\n<div class=\"row\">\n\t<div class=\"col-md-4\">\n\t\t<div>\n\t\t\t<p><span class=\"wpcf7-form-control-wrap\" data-name=\"your-name\"><input size=\"40\" maxlength=\"100\" class=\"wpcf7-form-control wpcf7-text wpcf7-validates-as-required\" aria-required=\"true\" aria-invalid=\"false\" placeholder=\"Name\" value=\"\" type=\"text\" name=\"your-name\" \/><\/span>\n\t\t\t<\/p>\n\t\t<\/div>\n\t\t<div>\n\t\t\t<p><span class=\"wpcf7-form-control-wrap\" data-name=\"your-email\"><input size=\"40\" maxlength=\"200\" minlength=\"10\" class=\"wpcf7-form-control wpcf7-email wpcf7-validates-as-required wpcf7-text wpcf7-validates-as-email\" aria-required=\"true\" aria-invalid=\"false\" placeholder=\"E-mail\" value=\"\" type=\"email\" name=\"your-email\" \/><\/span>\n\t\t\t<\/p>\n\t\t<\/div>\n\t\t<div>\n\t\t\t<p><span class=\"wpcf7-form-control-wrap\" data-name=\"your-phone\"><input size=\"40\" maxlength=\"20\" minlength=\"10\" class=\"wpcf7-form-control wpcf7-tel wpcf7-validates-as-required wpcf7-text wpcf7-validates-as-tel\" aria-required=\"true\" aria-invalid=\"false\" placeholder=\"Phone\" value=\"\" type=\"tel\" name=\"your-phone\" \/><\/span>\n\t\t\t<\/p>\n\t\t<\/div>\n\t<\/div>\n\t<div class=\"col-md-8\">\n\t\t<div>\n\t\t\t<p><span class=\"wpcf7-form-control-wrap\" data-name=\"your-message\"><textarea cols=\"40\" rows=\"10\" maxlength=\"500\" class=\"wpcf7-form-control wpcf7-textarea\" aria-invalid=\"false\" placeholder=\"Message\" name=\"your-message\"><\/textarea><\/span>\n\t\t\t<\/p>\n\t\t<\/div>\n\t<\/div>\n\t<div class=\"col-md-4\">\n\t<span class=\"wpcf7-form-control-wrap recaptcha\" data-name=\"recaptcha\"><span data-sitekey=\"6LcTKrMaAAAAALV4bjmhxJGAjDKH8RhwCgW3wV1U\" data-theme=\"dark\" class=\"wpcf7-form-control wpcf7-recaptcha g-recaptcha\"><\/span>\r\n<noscript>\r\n\t<div class=\"grecaptcha-noscript\">\r\n\t\t<iframe loading=\"lazy\" src=\"https:\/\/www.google.com\/recaptcha\/api\/fallback?k=6LcTKrMaAAAAALV4bjmhxJGAjDKH8RhwCgW3wV1U\" frameborder=\"0\" scrolling=\"no\" width=\"310\" height=\"430\">\r\n\t\t<\/iframe>\r\n\t\t<textarea name=\"g-recaptcha-response\" rows=\"3\" cols=\"40\" placeholder=\"reCaptcha Response Here\">\r\n\t\t<\/textarea>\r\n\t<\/div>\r\n<\/noscript>\r\n<\/span>\n\t<\/div>\n\t<div class=\"col-md-12\">\n\t\t<p id=\"submit\"><input class=\"wpcf7-form-control wpcf7-submit has-spinner btn btn-line\" type=\"submit\" value=\"Send\" \/>\n\t\t<\/p>\n\t<\/div>\n<\/div><p style=\"display: none !important;\" class=\"akismet-fields-container\" data-prefix=\"_wpcf7_ak_\"><label>&#916;<textarea name=\"_wpcf7_ak_hp_textarea\" cols=\"45\" rows=\"8\" maxlength=\"100\"><\/textarea><\/label><input type=\"hidden\" id=\"ak_js_1\" name=\"_wpcf7_ak_js\" value=\"85\"\/><script type=\"text\/javascript\">\n\/* <![CDATA[ *\/\ndocument.getElementById( \"ak_js_1\" ).setAttribute( \"value\", ( new Date() ).getTime() );\n\/* ]]> *\/\n<\/script>\n<\/p><div class=\"wpcf7-response-output\" aria-hidden=\"true\"><\/div>\n<\/form>\n<\/div>\n[\/vc_column][vc_column width=&#8221;1\/3&#8243; wap_class=&#8221;wow fadeInUp&#8221;]\n\t<!-- Element: OT Heading --> \t \n\t<h3 class=\"ot_custom_heading  \" style=\"\" >CONTACT INFO<\/h3>\t\n[vc_column_text]<\/p>\n<address>\n<div>S\u00fcmer Mah. Prof. Turan G\u00fcne\u015f Cad. No: 10\/A<\/div>\n<div>Zeytinburnu \/ \u0130stanbul<\/div>\n<div><strong>Phone:<\/strong><a href=\"tel:+902125100754\">(0212) 510 07 54<\/a><\/div>\n<div><strong>GSM:<\/strong><a href=\"tel:+90532230232\">+90 (532) 230 02 32<\/a><\/div>\n<div><strong>E-mail:<\/strong><a href=\"mailto:info@dekorcu.com.tr\">info@dekorcu.com.tr<\/a><\/div>\n<div><strong>Working Hours:<\/strong>Monday &#8211; Friday 09:00 &#8211; 19:00<\/div>\n<\/address>\n<p>[\/vc_column_text][\/vc_column][\/vc_row]<\/p>\n<\/section>","protected":false},"excerpt":{"rendered":"<p>[vc_row fullwidth=&#8221;yes&#8221; css=&#8221;.vc_custom_1438577278176{padding-bottom: 90px !important;}&#8221;][vc_column][vc_gmaps link=&#8221;#E-8_JTNDaWZyYW1lJTIwc3JjJTNEJTIyaHR0cHMlM0ElMkYlMkZ3d3cuZ29vZ2xlLmNvbSUyRm1hcHMlMkZlbWJlZCUzRnBiJTNEJTIxMW0xNCUyMTFtOCUyMTFtMyUyMTFkNjAyMy44Mzk1MDQ4MzM3MzQlMjEyZDI4Ljg5MzI3OSUyMTNkNDAuOTgzMjM4JTIxM20yJTIxMWkxMDI0JTIxMmk3NjglMjE0ZjEzLjElMjEzbTMlMjExbTIlMjExczB4MCUyNTNBMHg1MDc5MTIxNDA2OWYyNTJhJTIxMnNEZWtvcmN1JTI1MjBQZXJkZSUyMTVlMCUyMTNtMiUyMTFzdHIlMjEyc3RyJTIxNHYxNjExNjM1NzY2MzAxJTIxNW0yJTIxMXN0ciUyMTJzdHIlMjIlMjB3aWR0aCUzRCUyMjgwMCUyMiUyMGhlaWdodCUzRCUyMjYwMCUyMiUyMGZyYW1lYm9yZGVyJTNEJTIyMCUyMiUyMHN0eWxlJTNEJTIyYm9yZGVyJTNBMCUzQiUyMiUyMGFsbG93ZnVsbHNjcmVlbiUzRCUyMiUyMiUyMGFyaWEtaGlkZGVuJTNEJTIyZmFsc2UlMjIlMjB0YWJpbmRleCUzRCUyMjAlMjIlM0UlM0MlMkZpZnJhbWUlM0U=&#8221;][\/vc_column][\/vc_row][vc_row css=&#8221;.vc_custom_1438577300524{padding-bottom: 90px !important;}&#8221;][vc_column width=&#8221;2\/3&#8243; wap_class=&#8221;wow fadeInUp&#8221;][vc_empty_space height=&#8221;10px&#8221;][\/vc_column][vc_column width=&#8221;1\/3&#8243; wap_class=&#8221;wow fadeInUp&#8221;][vc_column_text] S\u00fcmer Mah. Prof. Turan G\u00fcne\u015f Cad. No: 10\/A Zeytinburnu \/ \u0130stanbul Phone:(0212) 510 07 54 GSM:+90 (532) 230 02 32 E-mail:info@dekorcu.com.tr Working Hours:Monday &#8211; Friday 09:00 &#8211; 19:00 [\/vc_column_text][\/vc_column][\/vc_row]<\/p>\n","protected":false},"author":1,"featured_media":0,"parent":0,"menu_order":0,"comment_status":"open","ping_status":"closed","template":"page-templates\/template-fullwidth.php","meta":{"_joinchat":[],"footnotes":""},"class_list":["post-3435","page","type-page","status-publish","hentry"],"yoast_head":"<!-- This site is optimized with the Yoast SEO Premium plugin v19.6 (Yoast SEO v27.5) - https:\/\/yoast.com\/product\/yoast-seo-premium-wordpress\/ -->\n<title>Contact - Dekorcu Curtain - Decor - Design<\/title>\n<meta name=\"robots\" content=\"index, follow, max-snippet:-1, max-image-preview:large, max-video-preview:-1\" \/>\n<link rel=\"canonical\" href=\"https:\/\/dekorcu.com.tr\/en\/contact\/\" \/>\n<meta property=\"og:locale\" content=\"en_US\" \/>\n<meta property=\"og:type\" content=\"article\" \/>\n<meta property=\"og:title\" content=\"Contact\" \/>\n<meta property=\"og:description\" content=\"[vc_row fullwidth=&#8221;yes&#8221; css=&#8221;.vc_custom_1438577278176{padding-bottom: 90px !important;}&#8221;][vc_column][vc_gmaps link=&#8221;#E-8_JTNDaWZyYW1lJTIwc3JjJTNEJTIyaHR0cHMlM0ElMkYlMkZ3d3cuZ29vZ2xlLmNvbSUyRm1hcHMlMkZlbWJlZCUzRnBiJTNEJTIxMW0xNCUyMTFtOCUyMTFtMyUyMTFkNjAyMy44Mzk1MDQ4MzM3MzQlMjEyZDI4Ljg5MzI3OSUyMTNkNDAuOTgzMjM4JTIxM20yJTIxMWkxMDI0JTIxMmk3NjglMjE0ZjEzLjElMjEzbTMlMjExbTIlMjExczB4MCUyNTNBMHg1MDc5MTIxNDA2OWYyNTJhJTIxMnNEZWtvcmN1JTI1MjBQZXJkZSUyMTVlMCUyMTNtMiUyMTFzdHIlMjEyc3RyJTIxNHYxNjExNjM1NzY2MzAxJTIxNW0yJTIxMXN0ciUyMTJzdHIlMjIlMjB3aWR0aCUzRCUyMjgwMCUyMiUyMGhlaWdodCUzRCUyMjYwMCUyMiUyMGZyYW1lYm9yZGVyJTNEJTIyMCUyMiUyMHN0eWxlJTNEJTIyYm9yZGVyJTNBMCUzQiUyMiUyMGFsbG93ZnVsbHNjcmVlbiUzRCUyMiUyMiUyMGFyaWEtaGlkZGVuJTNEJTIyZmFsc2UlMjIlMjB0YWJpbmRleCUzRCUyMjAlMjIlM0UlM0MlMkZpZnJhbWUlM0U=&#8221;][\/vc_column][\/vc_row][vc_row css=&#8221;.vc_custom_1438577300524{padding-bottom: 90px !important;}&#8221;][vc_column width=&#8221;2\/3&#8243; wap_class=&#8221;wow fadeInUp&#8221;][vc_empty_space height=&#8221;10px&#8221;][\/vc_column][vc_column width=&#8221;1\/3&#8243; wap_class=&#8221;wow fadeInUp&#8221;][vc_column_text] S\u00fcmer Mah. Prof. Turan G\u00fcne\u015f Cad. No: 10\/A Zeytinburnu \/ \u0130stanbul Phone:(0212) 510 07 54 GSM:+90 (532) 230 02 32 E-mail:info@dekorcu.com.tr Working Hours:Monday &#8211; Friday 09:00 &#8211; 19:00 [\/vc_column_text][\/vc_column][\/vc_row]\" \/>\n<meta property=\"og:url\" content=\"https:\/\/dekorcu.com.tr\/en\/contact\/\" \/>\n<meta property=\"og:site_name\" content=\"Dekorcu\" \/>\n<meta property=\"article:publisher\" content=\"https:\/\/www.facebook.com\/dekorcuperdeistanbul\" \/>\n<meta property=\"article:modified_time\" content=\"2021-04-21T12:01:36+00:00\" \/>\n<meta property=\"og:image\" content=\"https:\/\/dekorcu.com.tr\/wp-content\/uploads\/2021\/01\/dekorcu-logo-2-300x86-5.png\" \/>\n\t<meta property=\"og:image:width\" content=\"300\" \/>\n\t<meta property=\"og:image:height\" content=\"86\" \/>\n\t<meta property=\"og:image:type\" content=\"image\/png\" \/>\n<meta name=\"twitter:card\" content=\"summary_large_image\" \/>\n<meta name=\"twitter:label1\" content=\"Est. reading time\" \/>\n\t<meta name=\"twitter:data1\" content=\"1 minute\" \/>\n<script type=\"application\/ld+json\" class=\"yoast-schema-graph\">{\"@context\":\"https:\\\/\\\/schema.org\",\"@graph\":[{\"@type\":\"WebPage\",\"@id\":\"https:\\\/\\\/dekorcu.com.tr\\\/en\\\/contact\\\/\",\"url\":\"https:\\\/\\\/dekorcu.com.tr\\\/en\\\/contact\\\/\",\"name\":\"Contact - Dekorcu Curtain - Decor - Design\",\"isPartOf\":{\"@id\":\"https:\\\/\\\/dekorcu.com.tr\\\/en\\\/#website\"},\"datePublished\":\"2015-07-27T04:50:39+00:00\",\"dateModified\":\"2021-04-21T12:01:36+00:00\",\"breadcrumb\":{\"@id\":\"https:\\\/\\\/dekorcu.com.tr\\\/en\\\/contact\\\/#breadcrumb\"},\"inLanguage\":\"en-US\",\"potentialAction\":[{\"@type\":\"ReadAction\",\"target\":[\"https:\\\/\\\/dekorcu.com.tr\\\/en\\\/contact\\\/\"]}]},{\"@type\":\"BreadcrumbList\",\"@id\":\"https:\\\/\\\/dekorcu.com.tr\\\/en\\\/contact\\\/#breadcrumb\",\"itemListElement\":[{\"@type\":\"ListItem\",\"position\":1,\"name\":\"Ana Sayfa\",\"item\":\"https:\\\/\\\/dekorcu.com.tr\\\/en\\\/\"},{\"@type\":\"ListItem\",\"position\":2,\"name\":\"Contact\"}]},{\"@type\":\"WebSite\",\"@id\":\"https:\\\/\\\/dekorcu.com.tr\\\/en\\\/#website\",\"url\":\"https:\\\/\\\/dekorcu.com.tr\\\/en\\\/\",\"name\":\"Dekorcu\",\"description\":\"Curtain - Decor - Design\",\"publisher\":{\"@id\":\"https:\\\/\\\/dekorcu.com.tr\\\/en\\\/#organization\"},\"potentialAction\":[{\"@type\":\"SearchAction\",\"target\":{\"@type\":\"EntryPoint\",\"urlTemplate\":\"https:\\\/\\\/dekorcu.com.tr\\\/en\\\/?s={search_term_string}\"},\"query-input\":{\"@type\":\"PropertyValueSpecification\",\"valueRequired\":true,\"valueName\":\"search_term_string\"}}],\"inLanguage\":\"en-US\"},{\"@type\":[\"Organization\",\"Place\",\"HomeGoodsStore\"],\"@id\":\"https:\\\/\\\/dekorcu.com.tr\\\/en\\\/#organization\",\"name\":\"DekorCu\",\"url\":\"https:\\\/\\\/dekorcu.com.tr\\\/en\\\/\",\"logo\":{\"@id\":\"https:\\\/\\\/dekorcu.com.tr\\\/en\\\/contact\\\/#local-main-organization-logo\"},\"image\":{\"@id\":\"https:\\\/\\\/dekorcu.com.tr\\\/en\\\/contact\\\/#local-main-organization-logo\"},\"sameAs\":[\"https:\\\/\\\/www.facebook.com\\\/dekorcuperdeistanbul\",\"https:\\\/\\\/www.instagram.com\\\/dekorcuperde\\\/\"],\"address\":{\"@id\":\"https:\\\/\\\/dekorcu.com.tr\\\/en\\\/contact\\\/#local-main-place-address\"},\"telephone\":[\"+90 (212) 510 07 54\",\"+90 (532) 230 02 32\"],\"openingHoursSpecification\":[{\"@type\":\"OpeningHoursSpecification\",\"dayOfWeek\":[\"Monday\",\"Tuesday\",\"Wednesday\",\"Thursday\",\"Friday\",\"Saturday\",\"Sunday\"],\"opens\":\"09:00\",\"closes\":\"19:00\"}],\"email\":\"info@dekorcu.com.tr\"},{\"@type\":\"PostalAddress\",\"@id\":\"https:\\\/\\\/dekorcu.com.tr\\\/en\\\/contact\\\/#local-main-place-address\",\"streetAddress\":\"S\u00fcmer Mah, Prof. Dr. Turan G\u00fcne\u015f Cd. No:10\\\/A\",\"addressLocality\":\"Zeytinburnu\",\"postalCode\":\"34025\",\"addressRegion\":\"\u0130stanbul\",\"addressCountry\":\"TR\"},{\"@type\":\"ImageObject\",\"inLanguage\":\"en-US\",\"@id\":\"https:\\\/\\\/dekorcu.com.tr\\\/en\\\/contact\\\/#local-main-organization-logo\",\"url\":\"https:\\\/\\\/dekorcu.com.tr\\\/wp-content\\\/uploads\\\/2021\\\/01\\\/dekorcu-logo-2-300x86-5.png\",\"contentUrl\":\"https:\\\/\\\/dekorcu.com.tr\\\/wp-content\\\/uploads\\\/2021\\\/01\\\/dekorcu-logo-2-300x86-5.png\",\"width\":300,\"height\":86,\"caption\":\"DekorCu\"}]}<\/script>\n<meta name=\"geo.placename\" content=\"Zeytinburnu\" \/>\n<meta name=\"geo.region\" content=\"Turkey\" \/>\n<!-- \/ Yoast SEO Premium plugin. -->","yoast_head_json":{"title":"Contact - Dekorcu Curtain - Decor - Design","robots":{"index":"index","follow":"follow","max-snippet":"max-snippet:-1","max-image-preview":"max-image-preview:large","max-video-preview":"max-video-preview:-1"},"canonical":"https:\/\/dekorcu.com.tr\/en\/contact\/","og_locale":"en_US","og_type":"article","og_title":"Contact","og_description":"[vc_row fullwidth=&#8221;yes&#8221; css=&#8221;.vc_custom_1438577278176{padding-bottom: 90px !important;}&#8221;][vc_column][vc_gmaps link=&#8221;#E-8_JTNDaWZyYW1lJTIwc3JjJTNEJTIyaHR0cHMlM0ElMkYlMkZ3d3cuZ29vZ2xlLmNvbSUyRm1hcHMlMkZlbWJlZCUzRnBiJTNEJTIxMW0xNCUyMTFtOCUyMTFtMyUyMTFkNjAyMy44Mzk1MDQ4MzM3MzQlMjEyZDI4Ljg5MzI3OSUyMTNkNDAuOTgzMjM4JTIxM20yJTIxMWkxMDI0JTIxMmk3NjglMjE0ZjEzLjElMjEzbTMlMjExbTIlMjExczB4MCUyNTNBMHg1MDc5MTIxNDA2OWYyNTJhJTIxMnNEZWtvcmN1JTI1MjBQZXJkZSUyMTVlMCUyMTNtMiUyMTFzdHIlMjEyc3RyJTIxNHYxNjExNjM1NzY2MzAxJTIxNW0yJTIxMXN0ciUyMTJzdHIlMjIlMjB3aWR0aCUzRCUyMjgwMCUyMiUyMGhlaWdodCUzRCUyMjYwMCUyMiUyMGZyYW1lYm9yZGVyJTNEJTIyMCUyMiUyMHN0eWxlJTNEJTIyYm9yZGVyJTNBMCUzQiUyMiUyMGFsbG93ZnVsbHNjcmVlbiUzRCUyMiUyMiUyMGFyaWEtaGlkZGVuJTNEJTIyZmFsc2UlMjIlMjB0YWJpbmRleCUzRCUyMjAlMjIlM0UlM0MlMkZpZnJhbWUlM0U=&#8221;][\/vc_column][\/vc_row][vc_row css=&#8221;.vc_custom_1438577300524{padding-bottom: 90px !important;}&#8221;][vc_column width=&#8221;2\/3&#8243; wap_class=&#8221;wow fadeInUp&#8221;][vc_empty_space height=&#8221;10px&#8221;][\/vc_column][vc_column width=&#8221;1\/3&#8243; wap_class=&#8221;wow fadeInUp&#8221;][vc_column_text] S\u00fcmer Mah. Prof. Turan G\u00fcne\u015f Cad. No: 10\/A Zeytinburnu \/ \u0130stanbul Phone:(0212) 510 07 54 GSM:+90 (532) 230 02 32 E-mail:info@dekorcu.com.tr Working Hours:Monday &#8211; Friday 09:00 &#8211; 19:00 [\/vc_column_text][\/vc_column][\/vc_row]","og_url":"https:\/\/dekorcu.com.tr\/en\/contact\/","og_site_name":"Dekorcu","article_publisher":"https:\/\/www.facebook.com\/dekorcuperdeistanbul","article_modified_time":"2021-04-21T12:01:36+00:00","og_image":[{"width":300,"height":86,"url":"https:\/\/dekorcu.com.tr\/wp-content\/uploads\/2021\/01\/dekorcu-logo-2-300x86-5.png","type":"image\/png"}],"twitter_card":"summary_large_image","twitter_misc":{"Est. reading time":"1 minute"},"schema":{"@context":"https:\/\/schema.org","@graph":[{"@type":"WebPage","@id":"https:\/\/dekorcu.com.tr\/en\/contact\/","url":"https:\/\/dekorcu.com.tr\/en\/contact\/","name":"Contact - Dekorcu Curtain - Decor - Design","isPartOf":{"@id":"https:\/\/dekorcu.com.tr\/en\/#website"},"datePublished":"2015-07-27T04:50:39+00:00","dateModified":"2021-04-21T12:01:36+00:00","breadcrumb":{"@id":"https:\/\/dekorcu.com.tr\/en\/contact\/#breadcrumb"},"inLanguage":"en-US","potentialAction":[{"@type":"ReadAction","target":["https:\/\/dekorcu.com.tr\/en\/contact\/"]}]},{"@type":"BreadcrumbList","@id":"https:\/\/dekorcu.com.tr\/en\/contact\/#breadcrumb","itemListElement":[{"@type":"ListItem","position":1,"name":"Ana Sayfa","item":"https:\/\/dekorcu.com.tr\/en\/"},{"@type":"ListItem","position":2,"name":"Contact"}]},{"@type":"WebSite","@id":"https:\/\/dekorcu.com.tr\/en\/#website","url":"https:\/\/dekorcu.com.tr\/en\/","name":"Dekorcu","description":"Curtain - Decor - Design","publisher":{"@id":"https:\/\/dekorcu.com.tr\/en\/#organization"},"potentialAction":[{"@type":"SearchAction","target":{"@type":"EntryPoint","urlTemplate":"https:\/\/dekorcu.com.tr\/en\/?s={search_term_string}"},"query-input":{"@type":"PropertyValueSpecification","valueRequired":true,"valueName":"search_term_string"}}],"inLanguage":"en-US"},{"@type":["Organization","Place","HomeGoodsStore"],"@id":"https:\/\/dekorcu.com.tr\/en\/#organization","name":"DekorCu","url":"https:\/\/dekorcu.com.tr\/en\/","logo":{"@id":"https:\/\/dekorcu.com.tr\/en\/contact\/#local-main-organization-logo"},"image":{"@id":"https:\/\/dekorcu.com.tr\/en\/contact\/#local-main-organization-logo"},"sameAs":["https:\/\/www.facebook.com\/dekorcuperdeistanbul","https:\/\/www.instagram.com\/dekorcuperde\/"],"address":{"@id":"https:\/\/dekorcu.com.tr\/en\/contact\/#local-main-place-address"},"telephone":["+90 (212) 510 07 54","+90 (532) 230 02 32","+90 (212) 510 07 54","+90 (532) 230 02 32"],"openingHoursSpecification":[{"@type":"OpeningHoursSpecification","dayOfWeek":["Monday","Tuesday","Wednesday","Thursday","Friday","Saturday","Sunday"],"opens":"09:00","closes":"19:00"}],"email":"info@dekorcu.com.tr"},{"@type":"PostalAddress","@id":"https:\/\/dekorcu.com.tr\/en\/contact\/#local-main-place-address","streetAddress":"S\u00fcmer Mah, Prof. Dr. Turan G\u00fcne\u015f Cd. No:10\/A","addressLocality":"Zeytinburnu","postalCode":"34025","addressRegion":"\u0130stanbul","addressCountry":"TR"},{"@type":"ImageObject","inLanguage":"en-US","@id":"https:\/\/dekorcu.com.tr\/en\/contact\/#local-main-organization-logo","url":"https:\/\/dekorcu.com.tr\/wp-content\/uploads\/2021\/01\/dekorcu-logo-2-300x86-5.png","contentUrl":"https:\/\/dekorcu.com.tr\/wp-content\/uploads\/2021\/01\/dekorcu-logo-2-300x86-5.png","width":300,"height":86,"caption":"DekorCu"}]},"geo.placename":"Zeytinburnu","geo.region":"Turkey"},"_links":{"self":[{"href":"https:\/\/dekorcu.com.tr\/en\/wp-json\/wp\/v2\/pages\/3435","targetHints":{"allow":["GET"]}}],"collection":[{"href":"https:\/\/dekorcu.com.tr\/en\/wp-json\/wp\/v2\/pages"}],"about":[{"href":"https:\/\/dekorcu.com.tr\/en\/wp-json\/wp\/v2\/types\/page"}],"author":[{"embeddable":true,"href":"https:\/\/dekorcu.com.tr\/en\/wp-json\/wp\/v2\/users\/1"}],"replies":[{"embeddable":true,"href":"https:\/\/dekorcu.com.tr\/en\/wp-json\/wp\/v2\/comments?post=3435"}],"version-history":[{"count":0,"href":"https:\/\/dekorcu.com.tr\/en\/wp-json\/wp\/v2\/pages\/3435\/revisions"}],"wp:attachment":[{"href":"https:\/\/dekorcu.com.tr\/en\/wp-json\/wp\/v2\/media?parent=3435"}],"curies":[{"name":"wp","href":"https:\/\/api.w.org\/{rel}","templated":true}]}}